{"id":231,"date":"2018-05-02T10:18:45","date_gmt":"2018-05-02T10:18:45","guid":{"rendered":"https:\/\/demo.themegrill.com\/cenote\/?page_id=231"},"modified":"2026-04-08T19:26:37","modified_gmt":"2026-04-08T19:26:37","slug":"style-guide","status":"publish","type":"page","link":"https:\/\/saleyilmaz.com.tr\/?page_id=231","title":{"rendered":"Dr \u015eale Y\u0131lmaz"},"content":{"rendered":"<div class=\"elementor-element elementor-element-3ed54068 elementor-widget elementor-widget-text-editor\" data-id=\"3ed54068\" data-element_type=\"widget\" data-widget_type=\"text-editor.default\">\n<div class=\"elementor-widget-container\">\n<p>Ankara \u00dcniversitesi T\u0131p fak\u00fcltesini bitirdikten sonra \u00f6nce Gazi \u00dcniversitesi T\u0131p Fak\u00fcltesi T\u0131bbi Farmakoloji dal\u0131nda uzman oldum. Daha sonra Ankara Numune E\u011fitim ve Ara\u015ft\u0131rma Hastanesi\u2019nde Dermatoloji dal\u0131nda uzmanl\u0131\u011f\u0131m\u0131 tamamlad\u0131m.<\/p>\n<p>\u0130lk Kitab\u0131m \u2018\u2019Her Ya\u015fta I\u015f\u0131lt\u0131l\u0131 Cildin S\u0131rlar\u0131\u2019\u2019 sonras\u0131nda 2024 y\u0131l\u0131nda \u201c\u0130yi G\u00f6r\u00fcn, \u0130yi Hisset\u201d ad\u0131nda kitab\u0131m yay\u0131nland\u0131. Ayn\u0131 zamanda \u201cHer Ya\u015fta I\u015f\u0131lt\u0131l\u0131 Cildin S\u0131rlar\u0131\u201d konusunda e\u011fitimler veriyorum.<\/p>\n<p>Youtube kanal\u0131mda deri sorunlar\u0131 ve \u00e7\u00f6z\u00fcmleri hakk\u0131nda i\u00e7erik payla\u015f\u0131mlar\u0131 yap\u0131yorum.<\/p>\n<\/div>\n<\/div>\n<table style=\"height: 301px;\" width=\"1115\">\n<thead>\n<tr>\n<th><\/th>\n<th><\/th>\n<th><\/th>\n<\/tr>\n<\/thead>\n<tbody>\n<tr>\n<th><\/th>\n<td><\/td>\n<td><img loading=\"lazy\" decoding=\"async\" class=\"alignnone size-medium wp-image-400\" src=\"http:\/\/saleyilmaz.com.tr\/wp-content\/uploads\/2026\/04\/dr-Sale-yilmaz-youtube-225x300.jpg\" alt=\"\" width=\"225\" height=\"300\" srcset=\"https:\/\/saleyilmaz.com.tr\/wp-content\/uploads\/2026\/04\/dr-Sale-yilmaz-youtube-225x300.jpg 225w, https:\/\/saleyilmaz.com.tr\/wp-content\/uploads\/2026\/04\/dr-Sale-yilmaz-youtube-768x1024.jpg 768w, https:\/\/saleyilmaz.com.tr\/wp-content\/uploads\/2026\/04\/dr-Sale-yilmaz-youtube-1152x1536.jpg 1152w, https:\/\/saleyilmaz.com.tr\/wp-content\/uploads\/2026\/04\/dr-Sale-yilmaz-youtube-600x800.jpg 600w, https:\/\/saleyilmaz.com.tr\/wp-content\/uploads\/2026\/04\/dr-Sale-yilmaz-youtube.jpg 1200w\" sizes=\"(max-width: 225px) 100vw, 225px\" \/><\/td>\n<\/tr>\n<tr>\n<th><\/th>\n<td><\/td>\n<td><\/td>\n<\/tr>\n<tr>\n<th><\/th>\n<td><\/td>\n<td><\/td>\n<\/tr>\n<tr>\n<th><\/th>\n<td><\/td>\n<td><\/td>\n<\/tr>\n<\/tbody>\n<\/table>\n<p><code>.<\/code><\/p>\n","protected":false},"excerpt":{"rendered":"<p>Ankara \u00dcniversitesi T\u0131p fak\u00fcltesini bitirdikten sonra \u00f6nce Gazi \u00dcniversitesi T\u0131p Fak\u00fcltesi T\u0131bbi Farmakoloji dal\u0131nda uzman oldum. Daha sonra Ankara Numune E\u011fitim ve Ara\u015ft\u0131rma Hastanesi\u2019nde Dermatoloji dal\u0131nda uzmanl\u0131\u011f\u0131m\u0131 tamamlad\u0131m. \u0130lk Kitab\u0131m \u2018\u2019Her Ya\u015fta I\u015f\u0131lt\u0131l\u0131 Cildin S\u0131rlar\u0131\u2019\u2019 sonras\u0131nda 2024 y\u0131l\u0131nda \u201c\u0130yi G\u00f6r\u00fcn, \u0130yi Hisset\u201d ad\u0131nda kitab\u0131m yay\u0131nland\u0131. Ayn\u0131 zamanda \u201cHer Ya\u015fta I\u015f\u0131lt\u0131l\u0131 Cildin S\u0131rlar\u0131\u201d konusunda e\u011fitimler veriyorum. [&hellip;]<\/p>\n","protected":false},"author":1,"featured_media":0,"parent":0,"menu_order":0,"comment_status":"closed","ping_status":"closed","template":"","meta":{"footnotes":""},"_links":{"self":[{"href":"https:\/\/saleyilmaz.com.tr\/index.php?rest_route=\/wp\/v2\/pages\/231"}],"collection":[{"href":"https:\/\/saleyilmaz.com.tr\/index.php?rest_route=\/wp\/v2\/pages"}],"about":[{"href":"https:\/\/saleyilmaz.com.tr\/index.php?rest_route=\/wp\/v2\/types\/page"}],"author":[{"embeddable":true,"href":"https:\/\/saleyilmaz.com.tr\/index.php?rest_route=\/wp\/v2\/users\/1"}],"replies":[{"embeddable":true,"href":"https:\/\/saleyilmaz.com.tr\/index.php?rest_route=%2Fwp%2Fv2%2Fcomments&post=231"}],"version-history":[{"count":13,"href":"https:\/\/saleyilmaz.com.tr\/index.php?rest_route=\/wp\/v2\/pages\/231\/revisions"}],"predecessor-version":[{"id":432,"href":"https:\/\/saleyilmaz.com.tr\/index.php?rest_route=\/wp\/v2\/pages\/231\/revisions\/432"}],"wp:attachment":[{"href":"https:\/\/saleyilmaz.com.tr\/index.php?rest_route=%2Fwp%2Fv2%2Fmedia&parent=231"}],"curies":[{"name":"wp","href":"https:\/\/api.w.org\/{rel}","templated":true}]}}